{"id":286,"date":"2018-10-17T18:27:40","date_gmt":"2018-10-17T18:27:40","guid":{"rendered":"http:\/\/td_uid_1_5bc77f1cc1d12"},"modified":"2025-10-15T10:54:42","modified_gmt":"2025-10-15T10:54:42","slug":"home","status":"publish","type":"page","link":"https:\/\/www.kompetencjecyfrowe.com\/","title":{"rendered":"Strona g\u0142\u00f3wna"},"content":{"rendered":"<div id=\"td_uid_1_69e9e1ac0781c\" class=\"tdc-row\"><div class=\"vc_row td_uid_1_69e9e1ac07825_rand td_classic_blog_home wpb_row td-pb-row\" >\n<style scoped>\n\n\/* custom css *\/\n.td_uid_1_69e9e1ac07825_rand {\r\n                    min-height: 0;\r\n                }\n<\/style><div class=\"vc_column td_uid_2_69e9e1ac07dae_rand  wpb_column vc_column_container tdc-column td-pb-span12\"><div class=\"wpb_wrapper\"><div class=\"td_block_wrap td_block_big_grid_4 td_uid_3_69e9e1ac08276_rand td-grid-style-1 td-hover-1 td-big-grids td-pb-border-top td_block_template_1\"  data-td-block-uid=\"td_uid_3_69e9e1ac08276\" ><div id=td_uid_3_69e9e1ac08276 class=\"td_block_inner\"><div class=\"td-big-grid-wrapper\">\r\n        <div class=\"td_module_mx5 td-animation-stack td-big-grid-post-0 td-big-grid-post td-big-thumb\">\r\n            <div class=\"td-module-thumb\"><a href=\"https:\/\/www.kompetencjecyfrowe.com\/?p=551\" rel=\"bookmark\" class=\"td-image-wrap\" title=\"GDPval-AA: Nowa era oceny AI. Czy Tw\u00f3j model potrafi wypracowa\u0107 realny zysk?\"><img loading=\"lazy\" decoding=\"async\" width=\"534\" height=\"462\" class=\"entry-thumb\" src=\"https:\/\/www.kompetencjecyfrowe.com\/wp-content\/uploads\/2026\/02\/Gemini_Generated_Image_kvgkokkvgkokkvgk-534x462.png\" alt=\"\" title=\"GDPval-AA: Nowa era oceny AI. Czy Tw\u00f3j model potrafi wypracowa\u0107 realny zysk?\"\/><\/a><\/div>            <div class=\"td-meta-info-container\">\r\n                <div class=\"td-meta-align\">\r\n                    <div class=\"td-big-grid-meta\">\r\n                        <a href=\"https:\/\/www.kompetencjecyfrowe.com\/?cat=39\" class=\"td-post-category\">Biznes<\/a>                        <h3 class=\"entry-title td-module-title\"><a href=\"https:\/\/www.kompetencjecyfrowe.com\/?p=551\" rel=\"bookmark\" title=\"GDPval-AA: Nowa era oceny AI. Czy Tw\u00f3j model potrafi wypracowa\u0107 realny zysk?\">GDPval-AA: Nowa era oceny AI. Czy Tw\u00f3j model potrafi wypracowa\u0107 realny zysk?<\/a><\/h3>                    <\/div>\r\n                    <div class=\"td-module-meta-info\">\r\n                        <span class=\"td-post-author-name\"><a href=\"https:\/\/www.kompetencjecyfrowe.com\/?author=1\">Marcin P\u0142o\u0144ski<\/a> <span>-<\/span> <\/span>                        <span class=\"td-post-date\"><time class=\"entry-date updated td-module-date\" datetime=\"2026-02-21T14:20:53+00:00\" >21 lutego, 2026<\/time><\/span>                    <\/div>\r\n                <\/div>\r\n            <\/div>\r\n\r\n        <\/div>\r\n\r\n        \r\n        <div class=\"td_module_mx5 td-animation-stack td-big-grid-post-1 td-big-grid-post td-big-thumb\">\r\n            <div class=\"td-module-thumb\"><a href=\"https:\/\/www.kompetencjecyfrowe.com\/?p=548\" rel=\"bookmark\" class=\"td-image-wrap\" title=\"Historyczny rozejm gigant\u00f3w AI. Powstaje Agentic AI Foundation \u2013 co to oznacza dla przysz\u0142o\u015bci pracy?\"><img loading=\"lazy\" decoding=\"async\" width=\"534\" height=\"462\" class=\"entry-thumb\" src=\"https:\/\/www.kompetencjecyfrowe.com\/wp-content\/uploads\/2025\/12\/Gemini_Generated_Image_1w1aea1w1aea1w1a-534x462.png\" alt=\"\" title=\"Historyczny rozejm gigant\u00f3w AI. Powstaje Agentic AI Foundation \u2013 co to oznacza dla przysz\u0142o\u015bci pracy?\"\/><\/a><\/div>            <div class=\"td-meta-info-container\">\r\n                <div class=\"td-meta-align\">\r\n                    <div class=\"td-big-grid-meta\">\r\n                        <a href=\"https:\/\/www.kompetencjecyfrowe.com\/?cat=39\" class=\"td-post-category\">Biznes<\/a>                        <h3 class=\"entry-title td-module-title\"><a href=\"https:\/\/www.kompetencjecyfrowe.com\/?p=548\" rel=\"bookmark\" title=\"Historyczny rozejm gigant\u00f3w AI. Powstaje Agentic AI Foundation \u2013 co to oznacza dla przysz\u0142o\u015bci pracy?\">Historyczny rozejm gigant\u00f3w AI. Powstaje Agentic AI Foundation \u2013 co to oznacza dla przysz\u0142o\u015bci pracy?<\/a><\/h3>                    <\/div>\r\n                    <div class=\"td-module-meta-info\">\r\n                        <span class=\"td-post-author-name\"><a href=\"https:\/\/www.kompetencjecyfrowe.com\/?author=1\">Marcin P\u0142o\u0144ski<\/a> <span>-<\/span> <\/span>                        <span class=\"td-post-date\"><time class=\"entry-date updated td-module-date\" datetime=\"2025-12-11T09:35:15+00:00\" >11 grudnia, 2025<\/time><\/span>                    <\/div>\r\n                <\/div>\r\n            <\/div>\r\n\r\n        <\/div>\r\n\r\n        <\/div><div class=\"clearfix\"><\/div><\/div><\/div> <!-- .\/block --><div class=\"wpb_wrapper wpb_text_column td_block_wrap td_block_wrap vc_column_text td_uid_4_69e9e1ac0b09c_rand import_blog_quote td-pb-border-top td_block_template_1\"  data-td-block-uid=\"td_uid_4_69e9e1ac0b09c\" \">\n<style>\n\n\/* inline tdc_css att *\/\n\n.td_uid_4_69e9e1ac0b09c_rand{\nmargin-top:10px !important;\n}\n\n\/* phone *\/\n@media (max-width: 767px)\n{\n.td_uid_4_69e9e1ac0b09c_rand{\nmargin-top:48px !important;\n}\n}\n\n<\/style><div class=\"td-block-title-wrap\"><\/div><div class=\"td-fix-index\"><blockquote><p>\nmiejsce, w kt\u00f3rym zdob\u0119dziesz praktyczn\u0105 wiedz\u0119, w jaki spos\u00f3b oszcz\u0119dza\u0107 czas i pieni\u0105dze dzi\u0119ki technologii\n<\/p><\/blockquote>\n<\/div><\/div><\/div><\/div><\/div><\/div>\r\n\t\t<script>\r\n\r\n\t\t\tjQuery(window).load(function () {\r\n\t\t\t\tjQuery('body').find('#td_uid_1_69e9e1ac0781c .td-element-style').each(function (index, element) {\r\n\t\t\t\t\tjQuery(element).css('opacity', 1);\r\n\t\t\t\t\treturn;\r\n\t\t\t\t});\r\n\t\t\t});\r\n\r\n\t\t<\/script>\r\n\r\n\t\t\r\n\t\t\t<script>\r\n\r\n\t\t\t\tjQuery(window).ready(function () {\r\n\r\n\t\t\t\t\t\/\/ We need timeout because the content must be rendered and interpreted on client\r\n\t\t\t\t\tsetTimeout(function () {\r\n\r\n\t\t\t\t\t\tvar $content = jQuery('body').find('#tdc-live-iframe'),\r\n\t\t\t\t\t\t\trefWindow = undefined;\r\n\r\n\t\t\t\t\t\tif ($content.length) {\r\n\t\t\t\t\t\t\t$content = $content.contents();\r\n\t\t\t\t\t\t\trefWindow = document.getElementById('tdc-live-iframe').contentWindow || document.getElementById('tdc-live-iframe').contentDocument;\r\n\r\n\t\t\t\t\t\t} else {\r\n\t\t\t\t\t\t\t$content = jQuery('body');\r\n\t\t\t\t\t\t\trefWindow = window;\r\n\t\t\t\t\t\t}\r\n\r\n\t\t\t\t\t\t$content.find('#td_uid_1_69e9e1ac0781c .td-element-style').each(function (index, element) {\r\n\t\t\t\t\t\t\tjQuery(element).css('opacity', 1);\r\n\t\t\t\t\t\t\treturn;\r\n\t\t\t\t\t\t});\r\n\t\t\t\t\t});\r\n\r\n\t\t\t\t}, 200);\r\n\t\t\t<\/script>\r\n\r\n\t\t\t\n","protected":false},"excerpt":{"rendered":"","protected":false},"author":1,"featured_media":0,"parent":0,"menu_order":0,"comment_status":"open","ping_status":"closed","template":"page-pagebuilder-latest.php","meta":{"footnotes":""},"class_list":["post-286","page","type-page","status-publish","hentry"],"yoast_head":"<!-- This site is optimized with the Yoast SEO plugin v27.4 - https:\/\/yoast.com\/product\/yoast-seo-wordpress\/ -->\n<title>Strona g\u0142\u00f3wna - https:\/\/www.kompetencjecyfrowe.com\/<\/title>\n<meta name=\"robots\" content=\"index, follow, max-snippet:-1, max-image-preview:large, max-video-preview:-1\" \/>\n<link rel=\"canonical\" href=\"https:\/\/www.kompetencjecyfrowe.com\/\" \/>\n<meta property=\"og:locale\" content=\"pl_PL\" \/>\n<meta property=\"og:type\" content=\"article\" \/>\n<meta property=\"og:title\" content=\"Strona g\u0142\u00f3wna - https:\/\/www.kompetencjecyfrowe.com\/\" \/>\n<meta property=\"og:url\" content=\"https:\/\/www.kompetencjecyfrowe.com\/\" \/>\n<meta property=\"og:site_name\" content=\"https:\/\/www.kompetencjecyfrowe.com\/\" \/>\n<meta property=\"article:publisher\" content=\"https:\/\/www.facebook.com\/Kompetencje-Cyfrowe-2130126417203575\/\" \/>\n<meta property=\"article:modified_time\" content=\"2025-10-15T10:54:42+00:00\" \/>\n<meta name=\"twitter:card\" content=\"summary_large_image\" \/>\n<meta name=\"twitter:label1\" content=\"Szacowany czas czytania\" \/>\n\t<meta name=\"twitter:data1\" content=\"1 minuta\" \/>\n<script type=\"application\/ld+json\" class=\"yoast-schema-graph\">{\"@context\":\"https:\\\/\\\/schema.org\",\"@graph\":[{\"@type\":\"WebPage\",\"@id\":\"https:\\\/\\\/www.kompetencjecyfrowe.com\\\/\",\"url\":\"https:\\\/\\\/www.kompetencjecyfrowe.com\\\/\",\"name\":\"Strona g\u0142\u00f3wna - https:\\\/\\\/www.kompetencjecyfrowe.com\\\/\",\"isPartOf\":{\"@id\":\"https:\\\/\\\/www.kompetencjecyfrowe.com\\\/#website\"},\"datePublished\":\"2018-10-17T18:27:40+00:00\",\"dateModified\":\"2025-10-15T10:54:42+00:00\",\"breadcrumb\":{\"@id\":\"https:\\\/\\\/www.kompetencjecyfrowe.com\\\/#breadcrumb\"},\"inLanguage\":\"pl-PL\",\"potentialAction\":[{\"@type\":\"ReadAction\",\"target\":[\"https:\\\/\\\/www.kompetencjecyfrowe.com\\\/\"]}]},{\"@type\":\"BreadcrumbList\",\"@id\":\"https:\\\/\\\/www.kompetencjecyfrowe.com\\\/#breadcrumb\",\"itemListElement\":[{\"@type\":\"ListItem\",\"position\":1,\"name\":\"Strona g\u0142\u00f3wna\",\"item\":\"https:\\\/\\\/www.kompetencjecyfrowe.com\\\/\"},{\"@type\":\"ListItem\",\"position\":2,\"name\":\"Strona g\u0142\u00f3wna\"}]},{\"@type\":\"WebSite\",\"@id\":\"https:\\\/\\\/www.kompetencjecyfrowe.com\\\/#website\",\"url\":\"https:\\\/\\\/www.kompetencjecyfrowe.com\\\/\",\"name\":\"Kompetencje cyfrowe\",\"description\":\"Efetywno\u015b\u0107 dzi\u0119ki technologii\",\"potentialAction\":[{\"@type\":\"SearchAction\",\"target\":{\"@type\":\"EntryPoint\",\"urlTemplate\":\"https:\\\/\\\/www.kompetencjecyfrowe.com\\\/?s={search_term_string}\"},\"query-input\":{\"@type\":\"PropertyValueSpecification\",\"valueRequired\":true,\"valueName\":\"search_term_string\"}}],\"inLanguage\":\"pl-PL\"}]}<\/script>\n<!-- \/ Yoast SEO plugin. -->","yoast_head_json":{"title":"Strona g\u0142\u00f3wna - https:\/\/www.kompetencjecyfrowe.com\/","robots":{"index":"index","follow":"follow","max-snippet":"max-snippet:-1","max-image-preview":"max-image-preview:large","max-video-preview":"max-video-preview:-1"},"canonical":"https:\/\/www.kompetencjecyfrowe.com\/","og_locale":"pl_PL","og_type":"article","og_title":"Strona g\u0142\u00f3wna - https:\/\/www.kompetencjecyfrowe.com\/","og_url":"https:\/\/www.kompetencjecyfrowe.com\/","og_site_name":"https:\/\/www.kompetencjecyfrowe.com\/","article_publisher":"https:\/\/www.facebook.com\/Kompetencje-Cyfrowe-2130126417203575\/","article_modified_time":"2025-10-15T10:54:42+00:00","twitter_card":"summary_large_image","twitter_misc":{"Szacowany czas czytania":"1 minuta"},"schema":{"@context":"https:\/\/schema.org","@graph":[{"@type":"WebPage","@id":"https:\/\/www.kompetencjecyfrowe.com\/","url":"https:\/\/www.kompetencjecyfrowe.com\/","name":"Strona g\u0142\u00f3wna - https:\/\/www.kompetencjecyfrowe.com\/","isPartOf":{"@id":"https:\/\/www.kompetencjecyfrowe.com\/#website"},"datePublished":"2018-10-17T18:27:40+00:00","dateModified":"2025-10-15T10:54:42+00:00","breadcrumb":{"@id":"https:\/\/www.kompetencjecyfrowe.com\/#breadcrumb"},"inLanguage":"pl-PL","potentialAction":[{"@type":"ReadAction","target":["https:\/\/www.kompetencjecyfrowe.com\/"]}]},{"@type":"BreadcrumbList","@id":"https:\/\/www.kompetencjecyfrowe.com\/#breadcrumb","itemListElement":[{"@type":"ListItem","position":1,"name":"Strona g\u0142\u00f3wna","item":"https:\/\/www.kompetencjecyfrowe.com\/"},{"@type":"ListItem","position":2,"name":"Strona g\u0142\u00f3wna"}]},{"@type":"WebSite","@id":"https:\/\/www.kompetencjecyfrowe.com\/#website","url":"https:\/\/www.kompetencjecyfrowe.com\/","name":"Kompetencje cyfrowe","description":"Efetywno\u015b\u0107 dzi\u0119ki technologii","potentialAction":[{"@type":"SearchAction","target":{"@type":"EntryPoint","urlTemplate":"https:\/\/www.kompetencjecyfrowe.com\/?s={search_term_string}"},"query-input":{"@type":"PropertyValueSpecification","valueRequired":true,"valueName":"search_term_string"}}],"inLanguage":"pl-PL"}]}},"_links":{"self":[{"href":"https:\/\/www.kompetencjecyfrowe.com\/index.php?rest_route=\/wp\/v2\/pages\/286","targetHints":{"allow":["GET"]}}],"collection":[{"href":"https:\/\/www.kompetencjecyfrowe.com\/index.php?rest_route=\/wp\/v2\/pages"}],"about":[{"href":"https:\/\/www.kompetencjecyfrowe.com\/index.php?rest_route=\/wp\/v2\/types\/page"}],"author":[{"embeddable":true,"href":"https:\/\/www.kompetencjecyfrowe.com\/index.php?rest_route=\/wp\/v2\/users\/1"}],"replies":[{"embeddable":true,"href":"https:\/\/www.kompetencjecyfrowe.com\/index.php?rest_route=%2Fwp%2Fv2%2Fcomments&post=286"}],"version-history":[{"count":2,"href":"https:\/\/www.kompetencjecyfrowe.com\/index.php?rest_route=\/wp\/v2\/pages\/286\/revisions"}],"predecessor-version":[{"id":544,"href":"https:\/\/www.kompetencjecyfrowe.com\/index.php?rest_route=\/wp\/v2\/pages\/286\/revisions\/544"}],"wp:attachment":[{"href":"https:\/\/www.kompetencjecyfrowe.com\/index.php?rest_route=%2Fwp%2Fv2%2Fmedia&parent=286"}],"curies":[{"name":"wp","href":"https:\/\/api.w.org\/{rel}","templated":true}]}}